{"id":9782,"date":"2025-03-14T10:24:22","date_gmt":"2025-03-14T09:24:22","guid":{"rendered":"https:\/\/lovatech.net\/cookies\/"},"modified":"2025-03-24T18:12:10","modified_gmt":"2025-03-24T17:12:10","slug":"cookies","status":"publish","type":"page","link":"https:\/\/lovatech.net\/es\/cookies\/","title":{"rendered":"Cookies"},"content":{"rendered":"\t\t<div data-elementor-type=\"wp-page\" data-elementor-id=\"9782\" class=\"elementor elementor-9782 elementor-9448\" data-elementor-post-type=\"page\">\n\t\t\t\t<div class=\"elementor-element elementor-element-027972e e-flex e-con-boxed e-con e-parent\" data-id=\"027972e\" data-element_type=\"container\" data-e-type=\"container\">\n\t\t\t\t\t<div class=\"e-con-inner\">\n\t\t\t\t<div class=\"elementor-element elementor-element-aa24acc elementor-widget elementor-widget-spacer\" data-id=\"aa24acc\" data-element_type=\"widget\" data-e-type=\"widget\" data-widget_type=\"spacer.default\">\n\t\t\t\t<div class=\"elementor-widget-container\">\n\t\t\t\t\t\t\t<div class=\"elementor-spacer\">\n\t\t\t<div class=\"elementor-spacer-inner\"><\/div>\n\t\t<\/div>\n\t\t\t\t\t\t<\/div>\n\t\t\t\t<\/div>\n\t\t\t\t\t<\/div>\n\t\t\t\t<\/div>\n\t\t<div class=\"elementor-element elementor-element-c959f89 e-flex e-con-boxed e-con e-parent\" data-id=\"c959f89\" data-element_type=\"container\" data-e-type=\"container\">\n\t\t\t\t\t<div class=\"e-con-inner\">\n\t\t\t\t<div class=\"elementor-element elementor-element-192ba42 elementor-widget elementor-widget-text-editor\" data-id=\"192ba42\" data-element_type=\"widget\" data-e-type=\"widget\" data-widget_type=\"text-editor.default\">\n\t\t\t\t<div class=\"elementor-widget-container\">\n\t\t\t\t\t\t\t\t\t<h2>Uso de cookies en este sitio web<\/h2> Los cookies son peque\u00f1os archivos de texto que se colocan en tu computadora por los sitios web que visitas. Son ampliamente utilizados para hacer que los sitios web funcionen, o funcionen de manera m\u00e1s eficiente, as\u00ed como para proporcionar informaci\u00f3n a los propietarios del sitio. Aqu\u00ed hay una lista de los cookies que utilizamos y su prop\u00f3sito. <table border=\"0\" cellpadding=\"10\"> <tbody> <tr> <td><strong>Cookie<\/strong><\/td> <td><strong>Nombre<\/strong><\/td> <td><strong>Prop\u00f3sito<\/strong><\/td> <\/tr> <tr> <td class=\"tint-dark\">Cookies de WordPress<\/td> <td class=\"tint-light\">comment_author_{HASH} comment_author_email_{HASH} comment_author_url_{HASH} (pueden aplicarse otros)<\/td> <td>Estas cookies se utilizan para que WordPress y nuestro sitio web funcionen correctamente. Puedes encontrar <a href=\"https:\/\/codex.wordpress.org\/WordPress_Cookies\" target=\"_blank\" rel=\"noopener nofollow\">m\u00e1s informaci\u00f3n oficial aqu\u00ed.<\/a><\/td> <\/tr> <tr> <td class=\"tint-dark\">Universal Analytics (Google)<\/td> <td class=\"tint-light\">_ga _gali _gat_UA- _gid<\/td> <td>Estas cookies se utilizan para recopilar informaci\u00f3n sobre c\u00f3mo los visitantes usan nuestro sitio web y blog de WordPress. Usamos la informaci\u00f3n para compilar informes y ayudarnos a mejorar el sitio web. Las cookies recopilan informaci\u00f3n de forma an\u00f3nima, incluyendo el n\u00famero de visitantes al sitio web y al blog, de d\u00f3nde han llegado los visitantes al sitio web y las p\u00e1ginas que han visitado. <a class=\"link-external\" title=\"Abre en una nueva ventana\" href=\"https:\/\/support.google.com\/analytics\/answer\/6004245\" target=\"_blank\" rel=\"noopener nofollow\">Lee la visi\u00f3n general de privacidad y protecci\u00f3n de datos de Google<\/a><\/td> <\/tr> <tr> <td class=\"tint-dark\">Marketing (Google)<\/td> <td class=\"tint-light\">ads ga-audiences<\/td> <td>Usado por Google AdWords para volver a involucrar a los visitantes que tienen m\u00e1s probabilidades de convertirse en clientes bas\u00e1ndose en su comportamiento en l\u00ednea en sitios web.<\/td> <\/tr> <tr> <td class=\"tint-dark\">Ecommerce<\/td> <td class=\"tint-light\">woocommerce_cart_hashwoocommerce_items_in_cart wp_woocommerce_session_ wc_cart_hash wc_fragments @@History\/@@scroll<\/td> <td>Estas cookies son esenciales para que nuestros clientes realicen pedidos y Esta cookie se elimina cuando cierras el navegador. <a href=\"https:\/\/woocommerce.com\/gdpr\/\" target=\"_blank\" rel=\"noopener nofollow\">Visita este sitio web para obtener informaci\u00f3n sobre GDPR<\/a><\/td> <\/tr> <tr> <td class=\"tint-dark\">Confirmaci\u00f3n de la Pol\u00edtica de Cookies<\/td> <td class=\"tint-light\"> <div class=\"page\" title=\"P\u00e1gina 2\"> <div class=\"section\"> <div class=\"layoutArea\"> <div class=\"column\">\nviewed_cookie_policy\n\n<\/div> <\/div> <\/div> <\/div><\/td> <td>Esta cookie se utiliza para recordar la elecci\u00f3n de un usuario sobre las cookies en este sitio web. Donde los usuarios hayan indicado previamente una preferencia, esa preferencia se almacenar\u00e1 en esta cookie.<\/td> <\/tr> <\/tbody> <\/table> <h2>\u00bfC\u00f3mo cambio la configuraci\u00f3n de mis cookies?<\/h2> La mayor\u00eda de los navegadores web permiten cierto control sobre la mayor\u00eda de las cookies a trav\u00e9s de la configuraci\u00f3n del navegador. Para obtener m\u00e1s informaci\u00f3n sobre las cookies, incluyendo c\u00f3mo ver qu\u00e9 cookies se han establecido, visita <a href=\"http:\/\/www.aboutcookies.org\/\" rel=\"nofollow noopener\" target=\"_blank\">www.aboutcookies.org<\/a> o <a href=\"http:\/\/www.allaboutcookies.org\/\" rel=\"nofollow noopener\" target=\"_blank\">www.allaboutcookies.org<\/a>.\nDescubre c\u00f3mo gestionar las cookies en los navegadores populares:\n\n<ul> <li><a class=\"link-external\" href=\"https:\/\/support.google.com\/accounts\/answer\/61416?co=GENIE.Platform%3DDesktop&amp;hl=es\" target=\"_blank\" rel=\"noopener nofollow\">Google Chrome<\/a><\/li> <li><a class=\"link-external\" href=\"https:\/\/privacy.microsoft.com\/en-us\/windows-10-microsoft-edge-and-privacy\" target=\"_blank\" rel=\"noopener nofollow\">Microsoft Edge<\/a><\/li> <li><a class=\"link-external\" href=\"https:\/\/support.mozilla.org\/en-US\/kb\/enable-and-disable-cookies-website-preferences\" target=\"_blank\" rel=\"noopener nofollow\">Mozilla Firefox<\/a><\/li> <li><a class=\"link-external\" href=\"https:\/\/support.microsoft.com\/en-gb\/help\/17442\/windows-internet-explorer-delete-manage-cookies\" target=\"_blank\" rel=\"noopener nofollow\">Microsoft Internet Explorer<\/a><\/li> <li><a class=\"link-external\" href=\"https:\/\/www.opera.com\/help\/tutorials\/security\/privacy\/\" target=\"_blank\" rel=\"noopener nofollow\">Opera<\/a><\/li> <li><a class=\"link-external\" href=\"https:\/\/support.apple.com\/kb\/ph21411?locale=es_ES\" target=\"_blank\" rel=\"noopener nofollow\">Apple Safari<\/a><\/li> <\/ul> Para obtener informaci\u00f3n relacionada con otros navegadores, visita el sitio web del desarrollador del navegador.\nPara optar por no ser rastreado por Google Analytics en todos los sitios web, visita <a href=\"http:\/\/tools.google.com\/dlpage\/gaoptout\" rel=\"nofollow noopener\" target=\"_blank\">http:\/\/tools.google.com\/dlpage\/gaoptout<\/a>.choice.\t\t\t\t\t\t\t\t<\/div>\n\t\t\t\t<\/div>\n\t\t\t\t\t<\/div>\n\t\t\t\t<\/div>\n\t\t<div class=\"elementor-element elementor-element-664251b e-flex e-con-boxed e-con e-parent\" data-id=\"664251b\" data-element_type=\"container\" data-e-type=\"container\">\n\t\t\t\t\t<div class=\"e-con-inner\">\n\t\t\t\t<div class=\"elementor-element elementor-element-5d356c5 elementor-widget elementor-widget-spacer\" data-id=\"5d356c5\" data-element_type=\"widget\" data-e-type=\"widget\" data-widget_type=\"spacer.default\">\n\t\t\t\t<div class=\"elementor-widget-container\">\n\t\t\t\t\t\t\t<div class=\"elementor-spacer\">\n\t\t\t<div class=\"elementor-spacer-inner\"><\/div>\n\t\t<\/div>\n\t\t\t\t\t\t<\/div>\n\t\t\t\t<\/div>\n\t\t\t\t\t<\/div>\n\t\t\t\t<\/div>\n\t\t\t\t<\/div>\n\t\t","protected":false},"excerpt":{"rendered":"<p>Uso de cookies en este sitio web Los cookies son peque\u00f1os archivos de texto que se colocan en tu computadora por los sitios web que visitas. Son ampliamente utilizados para hacer que los sitios web funcionen, o funcionen de manera m\u00e1s eficiente, as\u00ed como para proporcionar informaci\u00f3n a los propietarios del sitio. Aqu\u00ed hay una [&hellip;]<\/p>\n","protected":false},"author":1,"featured_media":0,"parent":0,"menu_order":0,"comment_status":"closed","ping_status":"closed","template":"","meta":{"footnotes":""},"class_list":["post-9782","page","type-page","status-publish","hentry"],"_links":{"self":[{"href":"https:\/\/lovatech.net\/es\/wp-json\/wp\/v2\/pages\/9782","targetHints":{"allow":["GET"]}}],"collection":[{"href":"https:\/\/lovatech.net\/es\/wp-json\/wp\/v2\/pages"}],"about":[{"href":"https:\/\/lovatech.net\/es\/wp-json\/wp\/v2\/types\/page"}],"author":[{"embeddable":true,"href":"https:\/\/lovatech.net\/es\/wp-json\/wp\/v2\/users\/1"}],"replies":[{"embeddable":true,"href":"https:\/\/lovatech.net\/es\/wp-json\/wp\/v2\/comments?post=9782"}],"version-history":[{"count":0,"href":"https:\/\/lovatech.net\/es\/wp-json\/wp\/v2\/pages\/9782\/revisions"}],"wp:attachment":[{"href":"https:\/\/lovatech.net\/es\/wp-json\/wp\/v2\/media?parent=9782"}],"curies":[{"name":"wp","href":"https:\/\/api.w.org\/{rel}","templated":true}]}}