{"id":9781,"date":"2025-03-14T10:21:18","date_gmt":"2025-03-14T09:21:18","guid":{"rendered":"https:\/\/lovatech.net\/privacy-policy\/"},"modified":"2025-04-22T11:58:20","modified_gmt":"2025-04-22T10:58:20","slug":"politica-de-privacidad","status":"publish","type":"page","link":"https:\/\/lovatech.net\/es\/politica-de-privacidad\/","title":{"rendered":"Pol\u00edtica de Privacidad"},"content":{"rendered":"\t\t<div data-elementor-type=\"wp-page\" data-elementor-id=\"9781\" class=\"elementor elementor-9781 elementor-9440\" data-elementor-post-type=\"page\">\n\t\t\t\t<div class=\"elementor-element elementor-element-027972e e-flex e-con-boxed e-con e-parent\" data-id=\"027972e\" data-element_type=\"container\" data-e-type=\"container\">\n\t\t\t\t\t<div class=\"e-con-inner\">\n\t\t\t\t<div class=\"elementor-element elementor-element-aa24acc elementor-widget elementor-widget-spacer\" data-id=\"aa24acc\" data-element_type=\"widget\" data-e-type=\"widget\" data-widget_type=\"spacer.default\">\n\t\t\t\t<div class=\"elementor-widget-container\">\n\t\t\t\t\t\t\t<div class=\"elementor-spacer\">\n\t\t\t<div class=\"elementor-spacer-inner\"><\/div>\n\t\t<\/div>\n\t\t\t\t\t\t<\/div>\n\t\t\t\t<\/div>\n\t\t\t\t\t<\/div>\n\t\t\t\t<\/div>\n\t\t<div class=\"elementor-element elementor-element-c959f89 e-flex e-con-boxed e-con e-parent\" data-id=\"c959f89\" data-element_type=\"container\" data-e-type=\"container\">\n\t\t\t\t\t<div class=\"e-con-inner\">\n\t\t\t\t<div class=\"elementor-element elementor-element-192ba42 elementor-widget elementor-widget-text-editor\" data-id=\"192ba42\" data-element_type=\"widget\" data-e-type=\"widget\" data-widget_type=\"text-editor.default\">\n\t\t\t\t<div class=\"elementor-widget-container\">\n\t\t\t\t\t\t\t\t\t<p>\u00daltima actualizaci\u00f3n:<br>7 de marzo de 2025<\/p>\n<h2>Qui\u00e9nes somos<\/h2>\n<p>Lovatech est\u00e1 ubicada en Teulada, Alicante, Espa\u00f1a, registrada con el nombre:<\/p>\n<p>Lovatech<\/p><p>Fernando Moneta<\/p><p>N\u00famero: ESX5021768V.<\/p>\n<p>Nuestra direcci\u00f3n web es: https:\/\/lovatech.net<\/p>\n<p>Puedes contactarnos en info (arroba) lovatech.net.<\/p>\n<p>Tambi\u00e9n por correo postal a Apartado de Correos 177, C\/ de Patricio Ferr\u00e1ndiz, 38, 03700 D\u00e9nia, Alicante, Espa\u00f1a.<\/p>\n<p><\/p>\n<h2>Qu\u00e9 datos personales recopilamos y por qu\u00e9 los recopilamos<\/h2>\n<h3>Comentarios<\/h3>\n<p>Cuando los visitantes dejan comentarios en el sitio, recopilamos los datos que se muestran en el formulario de comentarios, as\u00ed como la direcci\u00f3n IP del visitante y la cadena del agente de usuario del navegador para ayudar con la detecci\u00f3n de spam.<br>Se puede proporcionar una cadena anonimizada creada a partir de tu direcci\u00f3n de correo electr\u00f3nico (tambi\u00e9n llamada un hash) al servicio de Gravatar para ver si lo est\u00e1s utilizando. La pol\u00edtica de privacidad del servicio Gravatar est\u00e1 disponible aqu\u00ed: https:\/\/automattic.com\/privacy\/. Despu\u00e9s de la aprobaci\u00f3n de tu comentario, tu foto de perfil ser\u00e1 visible para el p\u00fablico en el contexto de tu comentario.<\/p>\n<h3>Formularios de contacto<\/h3>\n<p>Para clientes actuales o potenciales, ofrecemos la posibilidad de contactarnos a trav\u00e9s de varios formularios que recopilan informaci\u00f3n relacionada con tu solicitud de propuesta o simplemente para contactarte. Esta informaci\u00f3n nos permite proporcionarte soporte al cliente o ofrecerte una cotizaci\u00f3n respondiendo a tus solicitudes. Esta informaci\u00f3n se almacena en nuestros servidores europeos y no se comparte con ning\u00fan tercero.<\/p>\n<h3>Cookies<\/h3>\n<p>Si dejas un comentario en nuestro sitio, puedes optar por guardar tu nombre, direcci\u00f3n de correo electr\u00f3nico y sitio web en cookies. Estas son para tu comodidad, de modo que no tengas que llenar tus detalles nuevamente cuando dejes otro comentario. Estas cookies durar\u00e1n un a\u00f1o.<br>Si tienes una cuenta y te conectas a este sitio (\u00e1rea de clientes), configuraremos una cookie temporal para determinar si tu navegador acepta cookies. Esta cookie no contiene datos personales y se elimina cuando cierras tu navegador.<\/p>\n<p>Cuando inicies sesi\u00f3n, tambi\u00e9n configuraremos varias cookies para guardar tu informaci\u00f3n de inicio de sesi\u00f3n y las opciones de visualizaci\u00f3n de la pantalla. Las cookies de inicio de sesi\u00f3n duran dos d\u00edas, y las cookies de opciones de pantalla duran un a\u00f1o. Si seleccionas \u00abRecu\u00e9rdame\u00bb, tu inicio de sesi\u00f3n persistir\u00e1 durante dos semanas. Si cierras sesi\u00f3n en tu cuenta, las cookies de inicio de sesi\u00f3n se eliminar\u00e1n.<\/p>\n<p>Si editas o publicas un art\u00edculo o publicaci\u00f3n (\u00e1rea de soporte), se guardar\u00e1 una cookie adicional en tu navegador. Esta cookie no incluye datos personales y simplemente indica el ID de la publicaci\u00f3n del art\u00edculo que acabas de editar. Expira despu\u00e9s de 1 d\u00eda.<\/p>\n<p>Para obtener informaci\u00f3n m\u00e1s detallada e instrucciones sobre c\u00f3mo controlar esto, consulta nuestra <a href=\"https:\/\/lovatech.net\/cookies\/\">p\u00e1gina de cookies<\/a>.<\/p>\n<h3>Contenido incrustado de otros sitios web<\/h3>\n<p>Este sitio puede incluir contenido incrustado (por ejemplo, videos, im\u00e1genes, art\u00edculos, etc.). El contenido incrustado de otros sitios web se comporta de la misma manera que si el visitante hubiera visitado el otro sitio web.<br>Estos sitios web pueden recopilar datos sobre ti, usar cookies, incrustar seguimiento adicional de terceros y monitorear tu interacci\u00f3n con ese contenido incrustado, incluyendo rastrear tu interacci\u00f3n con el contenido incrustado si tienes una cuenta y est\u00e1s conectado a ese sitio web.<\/p>\n<h3>Anal\u00edticas<\/h3>\n<p>Este sitio utiliza la herramienta est\u00e1ndar de Google Analytics en Internet. Para m\u00e1s informaci\u00f3n sobre este proveedor tercero, consulta la <a href=\"https:\/\/policies.google.com\/privacy?hl=es\" rel=\"nofollow noopener\" target=\"_blank\">Pol\u00edtica de privacidad de Google<\/a> y para m\u00e1s informaci\u00f3n \u00fatil sobre las opciones que tienes para detener estas cookies, consulta <a href=\"https:\/\/support.google.com\/analytics\/answer\/6004245?hl=es\" rel=\"nofollow noopener\" target=\"_blank\">esta p\u00e1gina.<\/a><\/p>\n<h2>Con qui\u00e9n compartimos tus datos<\/h2>\n<p>Por defecto, no compartimos ning\u00fan dato personal con otros. Sin embargo, trabajamos con proveedores de servicios \/ socios est\u00e1ndar de la industria para garantizar la mejor experiencia de usuario \/ cliente. Estos se enumeran a continuaci\u00f3n:<\/p>\n<p style=\"padding-left: 30px;\"><strong>Google Analytics<\/strong> Utilizamos Google Analytics como herramienta est\u00e1ndar de an\u00e1lisis de sitios web, lo usamos para tener estad\u00edsticas sobre las visitas al sitio web, clientes potenciales y publicidad. Consulta la <a href=\"https:\/\/policies.google.com\/privacy?hl=es\" rel=\"nofollow noopener\" target=\"_blank\">Pol\u00edtica de privacidad de Google<\/a> y para m\u00e1s informaci\u00f3n \u00fatil sobre las opciones que tienes para detener estas cookies, consulta <a href=\"https:\/\/support.google.com\/analytics\/answer\/6004245?hl=es\" rel=\"nofollow noopener\" target=\"_blank\">esta p\u00e1gina.<\/a><\/p>\n<p style=\"padding-left: 30px;\"><strong>Paypal (pasarela de pago)<\/strong> Utilizamos Paypal para recibir pagos de nuestros clientes. Para m\u00e1s informaci\u00f3n sobre su pol\u00edtica de privacidad, <a href=\"https:\/\/www.paypal.com\/uk\/webapps\/mpp\/ua\/privacy-full\" target=\"_blank\" rel=\"noopener nofollow\">consulta esta p\u00e1gina<\/a>.<\/p>\n<p style=\"padding-left: 30px;\"><strong>Stripe (pasarela de pago)<\/strong> Utilizamos Stripe como la herramienta principal para recolectar pagos mediante tarjeta de d\u00e9bito \/ cr\u00e9dito. Para m\u00e1s informaci\u00f3n sobre su pol\u00edtica de privacidad, <a href=\"https:\/\/stripe.com\/ie\/privacy\" target=\"_blank\" rel=\"noopener nofollow\">consulta esta p\u00e1gina.<\/a> No almacenamos ning\u00fan detalle de tarjeta de cr\u00e9dito en nuestro sitio web \/ servidores.<\/p>\n<h2>Cu\u00e1nto tiempo retenemos tus datos<\/h2>\n<p>Si dejas un comentario (por ejemplo, solicitud de soporte), el comentario y sus metadatos se conservan indefinidamente. Esto es para que podamos reconocer y aprobar cualquier comentario de seguimiento autom\u00e1ticamente en lugar de mantenerlos en una cola de moderaci\u00f3n.<br>Para los usuarios que se registran en nuestro sitio web (por ejemplo, clientes activos), tambi\u00e9n almacenamos la informaci\u00f3n personal que proporcionan en su perfil de usuario. Todos los usuarios pueden ver, editar o eliminar su informaci\u00f3n personal en cualquier momento (excepto que no pueden cambiar su nombre de usuario).<\/p>\n<p>Los formularios de contacto o las entradas de los clientes tambi\u00e9n se retienen indefinidamente, pero pueden ser eliminados bajo solicitud.<\/p>\n<p>Los pedidos de los clientes se almacenan durante 5 a\u00f1os, y tambi\u00e9n pueden ser accedidos y eliminados o anonimizados por solicitud.<\/p>\n<h2>Qu\u00e9 derechos tienes sobre tus datos<\/h2>\n<p>Si tienes una cuenta en este sitio, o has dejado comentarios, puedes solicitar recibir un archivo exportado de los datos personales que tenemos sobre ti, incluyendo cualquier dato que hayas proporcionado. Tambi\u00e9n puedes solicitar que eliminemos cualquier dato personal que tengamos sobre ti. Esto no incluye ning\u00fan dato que estemos obligados a conservar por fines administrativos, legales o de seguridad.<br><strong>Solicitar Datos de Usuario \/ Exportaci\u00f3n \/ Eliminaci\u00f3n<\/strong><br>Los usuarios y clientes pueden solicitar los datos de usuario almacenados en la base de datos de WordPress (comentarios, pedidos de WooCommerce, etc.). Los datos encontrados se env\u00edan a la direcci\u00f3n de correo electr\u00f3nico y permiten realizar una solicitud adicional para anonimizar los datos.<br>Para ello, por favor, rellena el formulario a continuaci\u00f3n:<\/p>\n<p>[wpgdprc_access_request_form]<br>Si tienes alguna otra solicitud espec\u00edfica, contacta con nosotros directamente en info (arroba) lovatech.net<\/p>\n<h2>D\u00f3nde enviamos tus datos<\/h2>\n<p>Mantenemos tus datos almacenados dentro de la Uni\u00f3n Europea y no enviamos datos a otros pa\u00edses.<\/p>\n<h2>Tu informaci\u00f3n de contacto<\/h2>\n<p>Puedes contactarnos en info (arroba) lovatech.net. Tambi\u00e9n por correo postal a Castillo de la Mota 53, Teulada, 03725, Alicante, Espa\u00f1a.<\/p>\n<h3>C\u00f3mo protegemos tus datos<\/h3>\n<p>Siempre usamos la \u00faltima tecnolog\u00eda disponible para proteger tus datos y nuestros servidores, ya que nos tomamos esto muy en serio. Utilizamos cifrado en nuestros sitios web para proporcionar la mejor seguridad disponible. Tambi\u00e9n tenemos un procedimiento de autenticaci\u00f3n en dos factores en nuestro sitio web y servidores, asegurando la mejor seguridad junto con otras medidas personales.<\/p>\n<h3>Qu\u00e9 procedimientos de violaci\u00f3n de datos tenemos implementados<\/h3>\n<p>Trabajamos constantemente para mejorar la seguridad y proteger las violaciones de datos, tenemos herramientas y procedimientos en su lugar que monitorean e informan cualquier anomal\u00eda y tambi\u00e9n realizamos verificaciones peri\u00f3dicas en nuestro sitio web \/ servidor.<\/p>\n<h3>De qu\u00e9 terceros recibimos datos<\/h3>\n<p>No recibimos datos de ning\u00fan tercero.<br>Si tienes alguna duda o comentario, por favor, cont\u00e1ctanos.<\/p>\t\t\t\t\t\t\t\t<\/div>\n\t\t\t\t<\/div>\n\t\t\t\t\t<\/div>\n\t\t\t\t<\/div>\n\t\t<div class=\"elementor-element elementor-element-664251b e-flex e-con-boxed e-con e-parent\" data-id=\"664251b\" data-element_type=\"container\" data-e-type=\"container\">\n\t\t\t\t\t<div class=\"e-con-inner\">\n\t\t\t\t<div class=\"elementor-element elementor-element-5d356c5 elementor-widget elementor-widget-spacer\" data-id=\"5d356c5\" data-element_type=\"widget\" data-e-type=\"widget\" data-widget_type=\"spacer.default\">\n\t\t\t\t<div class=\"elementor-widget-container\">\n\t\t\t\t\t\t\t<div class=\"elementor-spacer\">\n\t\t\t<div class=\"elementor-spacer-inner\"><\/div>\n\t\t<\/div>\n\t\t\t\t\t\t<\/div>\n\t\t\t\t<\/div>\n\t\t\t\t\t<\/div>\n\t\t\t\t<\/div>\n\t\t\t\t<\/div>\n\t\t","protected":false},"excerpt":{"rendered":"<p>\u00daltima actualizaci\u00f3n:7 de marzo de 2025 Qui\u00e9nes somos Lovatech est\u00e1 ubicada en Teulada, Alicante, Espa\u00f1a, registrada con el nombre: Lovatech Fernando Moneta N\u00famero: ESX5021768V. Nuestra direcci\u00f3n web es: https:\/\/lovatech.net Puedes contactarnos en info (arroba) lovatech.net. Tambi\u00e9n por correo postal a Apartado de Correos 177, C\/ de Patricio Ferr\u00e1ndiz, 38, 03700 D\u00e9nia, Alicante, Espa\u00f1a. Qu\u00e9 datos [&hellip;]<\/p>\n","protected":false},"author":1,"featured_media":0,"parent":0,"menu_order":0,"comment_status":"closed","ping_status":"closed","template":"","meta":{"footnotes":""},"class_list":["post-9781","page","type-page","status-publish","hentry"],"_links":{"self":[{"href":"https:\/\/lovatech.net\/es\/wp-json\/wp\/v2\/pages\/9781","targetHints":{"allow":["GET"]}}],"collection":[{"href":"https:\/\/lovatech.net\/es\/wp-json\/wp\/v2\/pages"}],"about":[{"href":"https:\/\/lovatech.net\/es\/wp-json\/wp\/v2\/types\/page"}],"author":[{"embeddable":true,"href":"https:\/\/lovatech.net\/es\/wp-json\/wp\/v2\/users\/1"}],"replies":[{"embeddable":true,"href":"https:\/\/lovatech.net\/es\/wp-json\/wp\/v2\/comments?post=9781"}],"version-history":[{"count":6,"href":"https:\/\/lovatech.net\/es\/wp-json\/wp\/v2\/pages\/9781\/revisions"}],"predecessor-version":[{"id":10442,"href":"https:\/\/lovatech.net\/es\/wp-json\/wp\/v2\/pages\/9781\/revisions\/10442"}],"wp:attachment":[{"href":"https:\/\/lovatech.net\/es\/wp-json\/wp\/v2\/media?parent=9781"}],"curies":[{"name":"wp","href":"https:\/\/api.w.org\/{rel}","templated":true}]}}