{"id":10412,"date":"2025-04-22T10:30:00","date_gmt":"2025-04-22T09:30:00","guid":{"rendered":"https:\/\/lovatech.net\/?page_id=10412"},"modified":"2025-04-22T10:45:21","modified_gmt":"2025-04-22T09:45:21","slug":"contacto","status":"publish","type":"page","link":"https:\/\/lovatech.net\/es\/kit-digital\/contacto\/","title":{"rendered":"Contacto Kit Digital"},"content":{"rendered":"\t\t<div data-elementor-type=\"wp-page\" data-elementor-id=\"10412\" class=\"elementor elementor-10412\" data-elementor-post-type=\"page\">\n\t\t\t\t<div class=\"elementor-element elementor-element-ea3fc3d e-flex e-con-boxed e-con e-parent\" data-id=\"ea3fc3d\" data-element_type=\"container\" data-e-type=\"container\">\n\t\t\t\t\t<div class=\"e-con-inner\">\n\t\t\t\t\t<\/div>\n\t\t\t\t<\/div>\n\t\t<div class=\"elementor-element elementor-element-0cdfced e-flex e-con-boxed e-con e-parent\" data-id=\"0cdfced\" data-element_type=\"container\" data-e-type=\"container\">\n\t\t\t\t\t<div class=\"e-con-inner\">\n\t\t\t\t<div class=\"elementor-element elementor-element-cbb2a86 elementor-widget elementor-widget-spacer\" data-id=\"cbb2a86\" data-element_type=\"widget\" data-e-type=\"widget\" data-widget_type=\"spacer.default\">\n\t\t\t\t<div class=\"elementor-widget-container\">\n\t\t\t\t\t\t\t<div class=\"elementor-spacer\">\n\t\t\t<div class=\"elementor-spacer-inner\"><\/div>\n\t\t<\/div>\n\t\t\t\t\t\t<\/div>\n\t\t\t\t<\/div>\n\t\t\t\t<div class=\"elementor-element elementor-element-59281be elementor-widget elementor-widget-shortcode\" data-id=\"59281be\" data-element_type=\"widget\" data-e-type=\"widget\" data-widget_type=\"shortcode.default\">\n\t\t\t\t<div class=\"elementor-widget-container\">\n\t\t\t\t\t\t\t<div class=\"elementor-shortcode\"><script>\nvar gform;gform||(document.addEventListener(\"gform_main_scripts_loaded\",function(){gform.scriptsLoaded=!0}),document.addEventListener(\"gform\/theme\/scripts_loaded\",function(){gform.themeScriptsLoaded=!0}),window.addEventListener(\"DOMContentLoaded\",function(){gform.domLoaded=!0}),gform={domLoaded:!1,scriptsLoaded:!1,themeScriptsLoaded:!1,isFormEditor:()=>\"function\"==typeof InitializeEditor,callIfLoaded:function(o){return!(!gform.domLoaded||!gform.scriptsLoaded||!gform.themeScriptsLoaded&&!gform.isFormEditor()||(gform.isFormEditor()&&console.warn(\"The use of gform.initializeOnLoaded() is deprecated in the form editor context and will be removed in Gravity Forms 3.1.\"),o(),0))},initializeOnLoaded:function(o){gform.callIfLoaded(o)||(document.addEventListener(\"gform_main_scripts_loaded\",()=>{gform.scriptsLoaded=!0,gform.callIfLoaded(o)}),document.addEventListener(\"gform\/theme\/scripts_loaded\",()=>{gform.themeScriptsLoaded=!0,gform.callIfLoaded(o)}),window.addEventListener(\"DOMContentLoaded\",()=>{gform.domLoaded=!0,gform.callIfLoaded(o)}))},hooks:{action:{},filter:{}},addAction:function(o,r,e,t){gform.addHook(\"action\",o,r,e,t)},addFilter:function(o,r,e,t){gform.addHook(\"filter\",o,r,e,t)},doAction:function(o){gform.doHook(\"action\",o,arguments)},applyFilters:function(o){return gform.doHook(\"filter\",o,arguments)},removeAction:function(o,r){gform.removeHook(\"action\",o,r)},removeFilter:function(o,r,e){gform.removeHook(\"filter\",o,r,e)},addHook:function(o,r,e,t,n){null==gform.hooks[o][r]&&(gform.hooks[o][r]=[]);var d=gform.hooks[o][r];null==n&&(n=r+\"_\"+d.length),gform.hooks[o][r].push({tag:n,callable:e,priority:t=null==t?10:t})},doHook:function(r,o,e){var t;if(e=Array.prototype.slice.call(e,1),null!=gform.hooks[r][o]&&((o=gform.hooks[r][o]).sort(function(o,r){return o.priority-r.priority}),o.forEach(function(o){\"function\"!=typeof(t=o.callable)&&(t=window[t]),\"action\"==r?t.apply(null,e):e[0]=t.apply(null,e)})),\"filter\"==r)return e[0]},removeHook:function(o,r,t,n){var e;null!=gform.hooks[o][r]&&(e=(e=gform.hooks[o][r]).filter(function(o,r,e){return!!(null!=n&&n!=o.tag||null!=t&&t!=o.priority)}),gform.hooks[o][r]=e)}});\n<\/script>\n\n                <div class='gf_browser_gecko gform_wrapper gravity-theme gform-theme--no-framework' data-form-theme='gravity-theme' data-form-index='0' id='gform_wrapper_21' >\n                        <div class='gform_heading'>\n                            <p class='gform_description'><\/p>\n                        <\/div><form method='post' enctype='multipart\/form-data'  id='gform_21'  action='\/es\/wp-json\/wp\/v2\/pages\/10412' data-formid='21' novalidate>\n                        <div class='gform-body gform_body'><div id='gform_fields_21' class='gform_fields top_label form_sublabel_above description_below validation_below'><div id=\"field_21_11\" class=\"gfield gfield--type-honeypot gform_validation_container field_sublabel_above gfield--has-description field_description_below field_validation_below gfield_visibility_visible\"  ><label class='gfield_label gform-field-label' for='input_21_11'>X\/Twitter<\/label><div class='ginput_container'><input name='input_11' id='input_21_11' type='text' value='' autocomplete='new-password'\/><\/div><div class='gfield_description' id='gfield_description_21_11'>Este campo es un campo de validaci\u00f3n y debe quedar sin cambios.<\/div><\/div><div id=\"field_21_8\" class=\"gfield gfield--type-section gfield--input-type-section gsection field_sublabel_above gfield--has-description field_description_below field_validation_below gfield_visibility_visible\"  ><h3 class=\"gsection_title\">Solicita Informaci\u00f3n sobre el Kit Digital<\/h3><div class='gsection_description' id='gfield_description_21_8'>Aprovecha tu bono digital al 100%: Obt\u00e9n soluciones a medida (web, e\u2011commerce, CRM, ciberseguridad y m\u00e1s), financiaci\u00f3n subvencionada y acompa\u00f1amiento experto en cada paso. <\/div><\/div><fieldset id=\"field_21_1\" class=\"gfield gfield--type-name gfield--input-type-name gfield_contains_required field_sublabel_above gfield--no-description field_description_below field_validation_below gfield_visibility_visible\"  ><legend class='gfield_label gform-field-label gfield_label_before_complex' >Nombre<span class=\"gfield_required\"><span class=\"gfield_required gfield_required_text\">(Obligatorio)<\/span><\/span><\/legend><div class='ginput_complex ginput_container ginput_container--name no_prefix has_first_name no_middle_name has_last_name no_suffix gf_name_has_2 ginput_container_name gform-grid-row' id='input_21_1'>\n                            \n                            <span id='input_21_1_3_container' class='name_first gform-grid-col gform-grid-col--size-auto' >\n                                                    <label for='input_21_1_3' class='gform-field-label gform-field-label--type-sub '>Nombre<\/label>\n                                                    <input type='text' name='input_1.3' id='input_21_1_3' value=''   aria-required='true'    autocomplete=\"given-name\" \/>\n                                                <\/span>\n                            \n                            <span id='input_21_1_6_container' class='name_last gform-grid-col gform-grid-col--size-auto' >\n                                                            <label for='input_21_1_6' class='gform-field-label gform-field-label--type-sub '>Apellidos<\/label>\n                                                            <input type='text' name='input_1.6' id='input_21_1_6' value=''   aria-required='true'    autocomplete=\"family-name\" \/>\n                                                        <\/span>\n                            \n                        <\/div><\/fieldset><fieldset id=\"field_21_2\" class=\"gfield gfield--type-email gfield--input-type-email gfield_contains_required field_sublabel_above gfield--no-description field_description_below field_validation_below gfield_visibility_visible\"  ><legend class='gfield_label gform-field-label gfield_label_before_complex' >Email<span class=\"gfield_required\"><span class=\"gfield_required gfield_required_text\">(Obligatorio)<\/span><\/span><\/legend><div class='ginput_complex ginput_container ginput_container_email gform-grid-row' id='input_21_2_container'>\n                                <span id='input_21_2_1_container' class='ginput_left gform-grid-col gform-grid-col--size-auto'>\n                                    <label for='input_21_2' class='gform-field-label gform-field-label--type-sub '>Correo Electr\u00f3nico<\/label>\n                                    <input class='' type='email' name='input_2' id='input_21_2' value=''    aria-required=\"true\" aria-invalid=\"false\"  autocomplete=\"email\"\/>\n                                <\/span>\n                                <span id='input_21_2_2_container' class='ginput_right gform-grid-col gform-grid-col--size-auto'>\n                                    <label for='input_21_2_2' class='gform-field-label gform-field-label--type-sub '>Confirmar email<\/label>\n                                    <input class='' type='email' name='input_2_2' id='input_21_2_2' value=''    aria-required=\"true\" aria-invalid=\"false\"  autocomplete=\"email\"\/>\n                                <\/span>\n                                <div class='gf_clear gf_clear_complex'><\/div>\n                            <\/div><\/fieldset><div id=\"field_21_9\" class=\"gfield gfield--type-phone gfield--input-type-phone gfield--width-full field_sublabel_above gfield--no-description field_description_below field_validation_below gfield_visibility_visible\"  ><label class='gfield_label gform-field-label' for='input_21_9'>Tel\u00e9fono<\/label><div class='ginput_container ginput_container_phone'><input name='input_9' id='input_21_9' type='tel' value='' class='large'    aria-invalid=\"false\"   \/><\/div><\/div><fieldset id=\"field_21_4\" class=\"gfield gfield--type-checkbox gfield--type-choice gfield--input-type-checkbox gfield_contains_required field_sublabel_above gfield--no-description field_description_below field_validation_below gfield_visibility_visible\"  ><legend class='gfield_label gform-field-label gfield_label_before_complex' >Selecciona el segmento al que corresponde tu empresa<span class=\"gfield_required\"><span class=\"gfield_required gfield_required_text\">(Obligatorio)<\/span><\/span><\/legend><div class='ginput_container ginput_container_checkbox'><div class='gfield_checkbox ' id='input_21_4'><div class='gchoice gchoice_21_4_1'>\n\t\t\t\t\t\t\t\t<input class='gfield-choice-input' name='input_4.1' type='checkbox'  value='Segmento I: Peque\u00f1as Empresas Para empresas de entre 10\u201349 trabajadores'  id='choice_21_4_1'   \/>\n\t\t\t\t\t\t\t\t<label for='choice_21_4_1' id='label_21_4_1' class='gform-field-label gform-field-label--type-inline'>Segmento I: Peque\u00f1as Empresas Para empresas de entre 10\u201349 trabajadores<\/label>\n\t\t\t\t\t\t\t<\/div><div class='gchoice gchoice_21_4_2'>\n\t\t\t\t\t\t\t\t<input class='gfield-choice-input' name='input_4.2' type='checkbox'  value='Segmento II: Peque\u00f1as Empresas Para empresas de entre 3\u20139 trabajadores'  id='choice_21_4_2'   \/>\n\t\t\t\t\t\t\t\t<label for='choice_21_4_2' id='label_21_4_2' class='gform-field-label gform-field-label--type-inline'>Segmento II: Peque\u00f1as Empresas Para empresas de entre 3\u20139 trabajadores<\/label>\n\t\t\t\t\t\t\t<\/div><div class='gchoice gchoice_21_4_3'>\n\t\t\t\t\t\t\t\t<input class='gfield-choice-input' name='input_4.3' type='checkbox'  value='Segmento III: Microempresas y Aut\u00f3nomos Para empresas de entre 0\u20132 trabajadores'  id='choice_21_4_3'   \/>\n\t\t\t\t\t\t\t\t<label for='choice_21_4_3' id='label_21_4_3' class='gform-field-label gform-field-label--type-inline'>Segmento III: Microempresas y Aut\u00f3nomos Para empresas de entre 0\u20132 trabajadores<\/label>\n\t\t\t\t\t\t\t<\/div><div class='gchoice gchoice_21_4_4'>\n\t\t\t\t\t\t\t\t<input class='gfield-choice-input' name='input_4.4' type='checkbox'  value='Segmento IV: Medianas empresas Para empresas de entre 50\u201399 trabajadores'  id='choice_21_4_4'   \/>\n\t\t\t\t\t\t\t\t<label for='choice_21_4_4' id='label_21_4_4' class='gform-field-label gform-field-label--type-inline'>Segmento IV: Medianas empresas Para empresas de entre 50\u201399 trabajadores<\/label>\n\t\t\t\t\t\t\t<\/div><div class='gchoice gchoice_21_4_5'>\n\t\t\t\t\t\t\t\t<input class='gfield-choice-input' name='input_4.5' type='checkbox'  value='Segmento V: Medianas empresas Para empresas de entre 100\u2013249 trabajadores'  id='choice_21_4_5'   \/>\n\t\t\t\t\t\t\t\t<label for='choice_21_4_5' id='label_21_4_5' class='gform-field-label gform-field-label--type-inline'>Segmento V: Medianas empresas Para empresas de entre 100\u2013249 trabajadores<\/label>\n\t\t\t\t\t\t\t<\/div><\/div><\/div><\/fieldset><fieldset id=\"field_21_10\" class=\"gfield gfield--type-checkbox gfield--type-choice gfield--input-type-checkbox gfield--width-full gfield_contains_required field_sublabel_above gfield--no-description field_description_below field_validation_below gfield_visibility_visible\"  ><legend class='gfield_label gform-field-label gfield_label_before_complex' >Selecciona los servicios que est\u00e1s interesado:<span class=\"gfield_required\"><span class=\"gfield_required gfield_required_text\">(Obligatorio)<\/span><\/span><\/legend><div class='ginput_container ginput_container_checkbox'><div class='gfield_checkbox ' id='input_21_10'><div class='gchoice gchoice_21_10_1'>\n\t\t\t\t\t\t\t\t<input class='gfield-choice-input' name='input_10.1' type='checkbox'  value='Sitio Web y presencia b\u00e1sica en Internet'  id='choice_21_10_1'   \/>\n\t\t\t\t\t\t\t\t<label for='choice_21_10_1' id='label_21_10_1' class='gform-field-label gform-field-label--type-inline'>Sitio Web y presencia b\u00e1sica en Internet<\/label>\n\t\t\t\t\t\t\t<\/div><div class='gchoice gchoice_21_10_2'>\n\t\t\t\t\t\t\t\t<input class='gfield-choice-input' name='input_10.2' type='checkbox'  value='Presencia Avanzada en Internet'  id='choice_21_10_2'   \/>\n\t\t\t\t\t\t\t\t<label for='choice_21_10_2' id='label_21_10_2' class='gform-field-label gform-field-label--type-inline'>Presencia Avanzada en Internet<\/label>\n\t\t\t\t\t\t\t<\/div><div class='gchoice gchoice_21_10_3'>\n\t\t\t\t\t\t\t\t<input class='gfield-choice-input' name='input_10.3' type='checkbox'  value='Comercio electr\u00f3nico'  id='choice_21_10_3'   \/>\n\t\t\t\t\t\t\t\t<label for='choice_21_10_3' id='label_21_10_3' class='gform-field-label gform-field-label--type-inline'>Comercio electr\u00f3nico<\/label>\n\t\t\t\t\t\t\t<\/div><div class='gchoice gchoice_21_10_4'>\n\t\t\t\t\t\t\t\t<input class='gfield-choice-input' name='input_10.4' type='checkbox'  value='Business Intelligence y Anal\u00edtica'  id='choice_21_10_4'   \/>\n\t\t\t\t\t\t\t\t<label for='choice_21_10_4' id='label_21_10_4' class='gform-field-label gform-field-label--type-inline'>Business Intelligence y Anal\u00edtica<\/label>\n\t\t\t\t\t\t\t<\/div><div class='gchoice gchoice_21_10_5'>\n\t\t\t\t\t\t\t\t<input class='gfield-choice-input' name='input_10.5' type='checkbox'  value='Gesti\u00f3n de clientes'  id='choice_21_10_5'   \/>\n\t\t\t\t\t\t\t\t<label for='choice_21_10_5' id='label_21_10_5' class='gform-field-label gform-field-label--type-inline'>Gesti\u00f3n de clientes<\/label>\n\t\t\t\t\t\t\t<\/div><div class='gchoice gchoice_21_10_6'>\n\t\t\t\t\t\t\t\t<input class='gfield-choice-input' name='input_10.6' type='checkbox'  value='Gesti\u00f3n de procesos'  id='choice_21_10_6'   \/>\n\t\t\t\t\t\t\t\t<label for='choice_21_10_6' id='label_21_10_6' class='gform-field-label gform-field-label--type-inline'>Gesti\u00f3n de procesos<\/label>\n\t\t\t\t\t\t\t<\/div><div class='gchoice gchoice_21_10_7'>\n\t\t\t\t\t\t\t\t<input class='gfield-choice-input' name='input_10.7' type='checkbox'  value='Servicios y herramientas de oficina virtual'  id='choice_21_10_7'   \/>\n\t\t\t\t\t\t\t\t<label for='choice_21_10_7' id='label_21_10_7' class='gform-field-label gform-field-label--type-inline'>Servicios y herramientas de oficina virtual<\/label>\n\t\t\t\t\t\t\t<\/div><div class='gchoice gchoice_21_10_8'>\n\t\t\t\t\t\t\t\t<input class='gfield-choice-input' name='input_10.8' type='checkbox'  value='Ciberseguridad'  id='choice_21_10_8'   \/>\n\t\t\t\t\t\t\t\t<label for='choice_21_10_8' id='label_21_10_8' class='gform-field-label gform-field-label--type-inline'>Ciberseguridad<\/label>\n\t\t\t\t\t\t\t<\/div><div class='gchoice gchoice_21_10_9'>\n\t\t\t\t\t\t\t\t<input class='gfield-choice-input' name='input_10.9' type='checkbox'  value='Servicio de ciberseguridad gestionada'  id='choice_21_10_9'   \/>\n\t\t\t\t\t\t\t\t<label for='choice_21_10_9' id='label_21_10_9' class='gform-field-label gform-field-label--type-inline'>Servicio de ciberseguridad gestionada<\/label>\n\t\t\t\t\t\t\t<\/div><div class='gchoice gchoice_21_10_11'>\n\t\t\t\t\t\t\t\t<input class='gfield-choice-input' name='input_10.11' type='checkbox'  value='Comunicaciones seguras'  id='choice_21_10_11'   \/>\n\t\t\t\t\t\t\t\t<label for='choice_21_10_11' id='label_21_10_11' class='gform-field-label gform-field-label--type-inline'>Comunicaciones seguras<\/label>\n\t\t\t\t\t\t\t<\/div><div class='gchoice gchoice_21_10_12'>\n\t\t\t\t\t\t\t\t<input class='gfield-choice-input' name='input_10.12' type='checkbox'  value='Factura electr\u00f3nica'  id='choice_21_10_12'   \/>\n\t\t\t\t\t\t\t\t<label for='choice_21_10_12' id='label_21_10_12' class='gform-field-label gform-field-label--type-inline'>Factura electr\u00f3nica<\/label>\n\t\t\t\t\t\t\t<\/div><div class='gchoice gchoice_21_10_13'>\n\t\t\t\t\t\t\t\t<input class='gfield-choice-input' name='input_10.13' type='checkbox'  value='Puesto de trabajo seguro e inteligente'  id='choice_21_10_13'   \/>\n\t\t\t\t\t\t\t\t<label for='choice_21_10_13' id='label_21_10_13' class='gform-field-label gform-field-label--type-inline'>Puesto de trabajo seguro e inteligente<\/label>\n\t\t\t\t\t\t\t<\/div><\/div><\/div><\/fieldset><div id=\"field_21_6\" class=\"gfield gfield--type-textarea gfield--input-type-textarea field_sublabel_above gfield--no-description field_description_below field_validation_below gfield_visibility_visible\"  ><label class='gfield_label gform-field-label' for='input_21_6'>\u00bfC\u00f3mo podemos ayudarte?<\/label><div class='ginput_container ginput_container_textarea'><textarea name='input_6' id='input_21_6' class='textarea medium'      aria-invalid=\"false\"   rows='10' cols='50'><\/textarea><\/div><\/div><\/div><\/div>\n        <div class='gform-footer gform_footer top_label'> <input type='submit' id='gform_submit_button_21' class='gform_button button' onclick='gform.submission.handleButtonClick(this);' data-submission-type='submit' value='Enviar'  \/> \n            <input type='hidden' class='gform_hidden' name='gform_submission_method' data-js='gform_submission_method_21' value='postback' \/>\n            <input type='hidden' class='gform_hidden' name='gform_theme' data-js='gform_theme_21' id='gform_theme_21' value='gravity-theme' \/>\n            <input type='hidden' class='gform_hidden' name='gform_style_settings' data-js='gform_style_settings_21' id='gform_style_settings_21' value='[]' \/>\n            <input type='hidden' class='gform_hidden' name='is_submit_21' value='1' \/>\n            <input type='hidden' class='gform_hidden' name='gform_submit' value='21' \/>\n            \n            <input type='hidden' class='gform_hidden' name='gform_currency' data-currency='EUR' value='AUt\/bojo2D9CxHGeuwp4234zHVANdndlFDaAIhKZGtekc9\/DhvSYEb3S3t7PQNng3ohQZ1a+zjFt\/HFXbrNwziW\/PAvNFqfnIi1W3hQQqkmP9YM=' \/>\n            <input type='hidden' class='gform_hidden' name='gform_unique_id' value='' \/>\n            <input type='hidden' class='gform_hidden' name='state_21' value='WyJbXSIsIjg3MWZkZTkwODQ1ZDhjYmI4MmZmYThmYjJlNmQ1NzFkIl0=' \/>\n            <input type='hidden' autocomplete='off' class='gform_hidden' name='gform_target_page_number_21' id='gform_target_page_number_21' value='0' \/>\n            <input type='hidden' autocomplete='off' class='gform_hidden' name='gform_source_page_number_21' id='gform_source_page_number_21' value='1' \/>\n            <input type='hidden' name='gform_field_values' value='' \/>\n            \n        <\/div>\n                        <\/form>\n                        <\/div><script>\ngform.initializeOnLoaded( function() {gformInitSpinner( 21, 'https:\/\/lovatech.net\/wp-content\/plugins\/gravityforms\/images\/spinner.svg', true );jQuery('#gform_ajax_frame_21').on('load',function(){var contents = jQuery(this).contents().find('*').html();var is_postback = contents.indexOf('GF_AJAX_POSTBACK') >= 0;if(!is_postback){return;}var form_content = jQuery(this).contents().find('#gform_wrapper_21');var is_confirmation = jQuery(this).contents().find('#gform_confirmation_wrapper_21').length > 0;var is_redirect = contents.indexOf('gformRedirect(){') >= 0;var is_form = form_content.length > 0 && ! is_redirect && ! is_confirmation;var mt = parseInt(jQuery('html').css('margin-top'), 10) + parseInt(jQuery('body').css('margin-top'), 10) + 100;if(is_form){jQuery('#gform_wrapper_21').html(form_content.html());if(form_content.hasClass('gform_validation_error')){jQuery('#gform_wrapper_21').addClass('gform_validation_error');} else {jQuery('#gform_wrapper_21').removeClass('gform_validation_error');}setTimeout( function() { \/* delay the scroll by 50 milliseconds to fix a bug in chrome *\/  }, 50 );if(window['gformInitDatepicker']) {gformInitDatepicker();}if(window['gformInitPriceFields']) {gformInitPriceFields();}var current_page = jQuery('#gform_source_page_number_21').val();gformInitSpinner( 21, 'https:\/\/lovatech.net\/wp-content\/plugins\/gravityforms\/images\/spinner.svg', true );jQuery(document).trigger('gform_page_loaded', [21, current_page]);window['gf_submitting_21'] = false;}else if(!is_redirect){var confirmation_content = jQuery(this).contents().find('.GF_AJAX_POSTBACK').html();if(!confirmation_content){confirmation_content = contents;}jQuery('#gform_wrapper_21').replaceWith(confirmation_content);jQuery(document).trigger('gform_confirmation_loaded', [21]);window['gf_submitting_21'] = false;wp.a11y.speak(jQuery('#gform_confirmation_message_21').text());}else{jQuery('#gform_21').append(contents);if(window['gformRedirect']) {gformRedirect();}}jQuery(document).trigger(\"gform_pre_post_render\", [{ formId: \"21\", currentPage: \"current_page\", abort: function() { this.preventDefault(); } }]);        if (event && event.defaultPrevented) {                return;        }        const gformWrapperDiv = document.getElementById( \"gform_wrapper_21\" );        if ( gformWrapperDiv ) {            const visibilitySpan = document.createElement( \"span\" );            visibilitySpan.id = \"gform_visibility_test_21\";            gformWrapperDiv.insertAdjacentElement( \"afterend\", visibilitySpan );        }        const visibilityTestDiv = document.getElementById( \"gform_visibility_test_21\" );        let postRenderFired = false;        function triggerPostRender() {            if ( postRenderFired ) {                return;            }            postRenderFired = true;            gform.core.triggerPostRenderEvents( 21, current_page );            if ( visibilityTestDiv ) {                visibilityTestDiv.parentNode.removeChild( visibilityTestDiv );            }        }        function debounce( func, wait, immediate ) {            var timeout;            return function() {                var context = this, args = arguments;                var later = function() {                    timeout = null;                    if ( !immediate ) func.apply( context, args );                };                var callNow = immediate && !timeout;                clearTimeout( timeout );                timeout = setTimeout( later, wait );                if ( callNow ) func.apply( context, args );            };        }        const debouncedTriggerPostRender = debounce( function() {            triggerPostRender();        }, 200 );        if ( visibilityTestDiv && visibilityTestDiv.offsetParent === null ) {            const observer = new MutationObserver( ( mutations ) => {                mutations.forEach( ( mutation ) => {                    if ( mutation.type === 'attributes' && visibilityTestDiv.offsetParent !== null ) {                        debouncedTriggerPostRender();                        observer.disconnect();                    }                });            });            observer.observe( document.body, {                attributes: true,                childList: false,                subtree: true,                attributeFilter: [ 'style', 'class' ],            });        } else {            triggerPostRender();        }    } );} );\n<\/script>\n<\/div>\n\t\t\t\t\t\t<\/div>\n\t\t\t\t<\/div>\n\t\t\t\t<div class=\"elementor-element elementor-element-738ec2c elementor-widget elementor-widget-spacer\" data-id=\"738ec2c\" data-element_type=\"widget\" data-e-type=\"widget\" data-widget_type=\"spacer.default\">\n\t\t\t\t<div class=\"elementor-widget-container\">\n\t\t\t\t\t\t\t<div class=\"elementor-spacer\">\n\t\t\t<div class=\"elementor-spacer-inner\"><\/div>\n\t\t<\/div>\n\t\t\t\t\t\t<\/div>\n\t\t\t\t<\/div>\n\t\t\t\t\t<\/div>\n\t\t\t\t<\/div>\n\t\t<div class=\"elementor-element elementor-element-6c98d21 e-flex e-con-boxed e-con e-parent\" data-id=\"6c98d21\" data-element_type=\"container\" data-e-type=\"container\">\n\t\t\t\t\t<div class=\"e-con-inner\">\n\t\t\t\t\t<\/div>\n\t\t\t\t<\/div>\n\t\t\t\t<\/div>\n\t\t","protected":false},"excerpt":{"rendered":"","protected":false},"author":1,"featured_media":0,"parent":10261,"menu_order":0,"comment_status":"closed","ping_status":"closed","template":"","meta":{"footnotes":""},"class_list":["post-10412","page","type-page","status-publish","hentry"],"_links":{"self":[{"href":"https:\/\/lovatech.net\/es\/wp-json\/wp\/v2\/pages\/10412","targetHints":{"allow":["GET"]}}],"collection":[{"href":"https:\/\/lovatech.net\/es\/wp-json\/wp\/v2\/pages"}],"about":[{"href":"https:\/\/lovatech.net\/es\/wp-json\/wp\/v2\/types\/page"}],"author":[{"embeddable":true,"href":"https:\/\/lovatech.net\/es\/wp-json\/wp\/v2\/users\/1"}],"replies":[{"embeddable":true,"href":"https:\/\/lovatech.net\/es\/wp-json\/wp\/v2\/comments?post=10412"}],"version-history":[{"count":11,"href":"https:\/\/lovatech.net\/es\/wp-json\/wp\/v2\/pages\/10412\/revisions"}],"predecessor-version":[{"id":10426,"href":"https:\/\/lovatech.net\/es\/wp-json\/wp\/v2\/pages\/10412\/revisions\/10426"}],"up":[{"embeddable":true,"href":"https:\/\/lovatech.net\/es\/wp-json\/wp\/v2\/pages\/10261"}],"wp:attachment":[{"href":"https:\/\/lovatech.net\/es\/wp-json\/wp\/v2\/media?parent=10412"}],"curies":[{"name":"wp","href":"https:\/\/api.w.org\/{rel}","templated":true}]}}